{"id":589,"date":"2024-04-27T14:28:18","date_gmt":"2024-04-27T21:28:18","guid":{"rendered":"https:\/\/multibsmx.com.mx\/blogs\/?page_id=589"},"modified":"2024-05-05T22:18:53","modified_gmt":"2024-05-06T05:18:53","slug":"cotos-qr","status":"publish","type":"page","link":"https:\/\/multibsmx.com.mx\/blogs\/?page_id=589","title":{"rendered":"COTO&#8217;S QR"},"content":{"rendered":"<div data-colibri-id=\"589-c1\" class=\"style-703 style-local-589-c1 position-relative\">\n  <!---->\n  <div data-colibri-component=\"section\" data-colibri-id=\"589-c2\" id=\"about\" class=\"h-section h-section-global-spacing d-flex align-items-lg-center align-items-md-center align-items-center style-704 style-local-589-c2 position-relative\">\n    <!---->\n    <!---->\n    <div class=\"h-section-grid-container h-section-boxed-container\">\n      <!---->\n      <div data-colibri-id=\"589-c3\" class=\"h-row-container gutters-row-lg-2 gutters-row-md-2 gutters-row-2 gutters-row-v-lg-2 gutters-row-v-md-2 gutters-row-v-2 style-705 style-local-589-c3 position-relative\">\n        <!---->\n        <div class=\"h-row justify-content-lg-center justify-content-md-center justify-content-center align-items-lg-stretch align-items-md-stretch align-items-stretch gutters-col-lg-2 gutters-col-md-2 gutters-col-2 gutters-col-v-lg-2 gutters-col-v-md-2 gutters-col-v-2\">\n          <!---->\n          <div class=\"h-column h-column-container d-flex h-col-lg-auto h-col-md-auto h-col-auto style-706-outer style-local-589-c4-outer\">\n            <div data-colibri-id=\"589-c4\" class=\"d-flex h-flex-basis h-column__inner h-px-lg-2 h-px-md-2 h-px-2 v-inner-lg-2 v-inner-md-2 v-inner-2 style-706 style-local-589-c4 position-relative\">\n              <!---->\n              <!---->\n              <div class=\"w-100 h-y-container h-column__content h-column__v-align flex-basis-100 align-self-lg-center align-self-md-center align-self-center\">\n                <!---->\n                <div data-colibri-id=\"589-c5\" class=\"h-global-transition-all h-heading style-707 style-local-589-c5 position-relative h-element\">\n                  <!---->\n                  <div class=\"h-heading__outer style-707 style-local-589-c5\">\n                    <!---->\n                    <!---->\n                    <h5 class=\"\">\u00bfEn qu\u00e9 consiste?<\/h5>\n                  <\/div>\n                <\/div>\n                <div data-colibri-id=\"589-c6\" class=\"h-global-transition-all h-heading style-708 style-local-589-c6 position-relative h-element\">\n                  <!---->\n                  <div class=\"h-heading__outer style-708 style-local-589-c6\">\n                    <!---->\n                    <!---->\n                    <h2 class=\"\">COTO&#8217;S QR<\/h2>\n                  <\/div>\n                <\/div>\n                <div data-colibri-id=\"589-c7\" class=\"h-lead h-text h-text-component style-709 style-local-589-c7 position-relative h-element\">\n                  <!---->\n                  <!---->\n                  <div class=\"\">\n                    <p>Acceso r\u00e1pido y seguro al alcance de un c\u00f3digo, agiliza la entrada de visitantes en tu fraccionamiento con solo escanear un QR.<\/p>\n                  <\/div>\n                <\/div>\n              <\/div>\n            <\/div>\n          <\/div>\n          <div class=\"h-column h-column-container d-flex h-col-lg-auto h-col-md-auto h-col-auto style-712-outer style-local-589-c8-outer\">\n            <div data-colibri-id=\"589-c8\" class=\"d-flex h-flex-basis h-column__inner h-px-lg-2 h-px-md-2 h-px-2 v-inner-lg-2 v-inner-md-2 v-inner-2 style-712 style-local-589-c8 position-relative\">\n              <!---->\n              <!---->\n              <div class=\"w-100 h-y-container h-column__content h-column__v-align flex-basis-100 align-self-lg-center align-self-md-center align-self-center\">\n                <!---->\n                <div data-colibri-id=\"589-c9\" class=\"d-block style-713 style-local-589-c9 position-relative h-element\">\n                  <!---->\n                  <div class=\"h-image__frame-container-outer\">\n                    <div class=\"h-image__frame-container\">\n                      <!---->\n                      <!---->\n                      <img loading=\"lazy\" decoding=\"async\" width=\"699\" height=\"624\" src=\"https:\/\/multibsmx.com.mx\/blogs\/wp-content\/uploads\/2024\/04\/Imagen-de-WhatsApp-2024-04-26-a-las-23.30.36_6169c975.jpg\" class=\"wp-image-538 style-713-image style-local-589-c9-image\" alt=\"\" srcset=\"https:\/\/multibsmx.com.mx\/blogs\/wp-content\/uploads\/2024\/04\/Imagen-de-WhatsApp-2024-04-26-a-las-23.30.36_6169c975.jpg 699w, https:\/\/multibsmx.com.mx\/blogs\/wp-content\/uploads\/2024\/04\/Imagen-de-WhatsApp-2024-04-26-a-las-23.30.36_6169c975-300x268.jpg 300w\" sizes=\"auto, (max-width: 699px) 100vw, 699px\" \/>\n                      <div class=\"h-image__frame h-hide-lg h-hide-md h-hide-sm style-713-frameImage style-local-589-c9-frameImage\"><\/div>\n                    <\/div>\n                  <\/div>\n                <\/div>\n              <\/div>\n            <\/div>\n          <\/div>\n        <\/div>\n      <\/div>\n    <\/div>\n  <\/div>\n<\/div>","protected":false},"excerpt":{"rendered":"<p>\u00bfEn qu\u00e9 consiste? COTO&#8217;S QR Acceso r\u00e1pido y seguro al alcance de un c\u00f3digo, agiliza la entrada de visitantes en tu fraccionamiento con solo escanear un QR.<\/p>\n","protected":false},"author":1,"featured_media":0,"parent":0,"menu_order":0,"comment_status":"closed","ping_status":"closed","template":"page-templates\/full-width-page.php","meta":{"footnotes":""},"class_list":["post-589","page","type-page","status-publish","hentry"],"_links":{"self":[{"href":"https:\/\/multibsmx.com.mx\/blogs\/index.php?rest_route=\/wp\/v2\/pages\/589","targetHints":{"allow":["GET"]}}],"collection":[{"href":"https:\/\/multibsmx.com.mx\/blogs\/index.php?rest_route=\/wp\/v2\/pages"}],"about":[{"href":"https:\/\/multibsmx.com.mx\/blogs\/index.php?rest_route=\/wp\/v2\/types\/page"}],"author":[{"embeddable":true,"href":"https:\/\/multibsmx.com.mx\/blogs\/index.php?rest_route=\/wp\/v2\/users\/1"}],"replies":[{"embeddable":true,"href":"https:\/\/multibsmx.com.mx\/blogs\/index.php?rest_route=%2Fwp%2Fv2%2Fcomments&post=589"}],"version-history":[{"count":4,"href":"https:\/\/multibsmx.com.mx\/blogs\/index.php?rest_route=\/wp\/v2\/pages\/589\/revisions"}],"predecessor-version":[{"id":778,"href":"https:\/\/multibsmx.com.mx\/blogs\/index.php?rest_route=\/wp\/v2\/pages\/589\/revisions\/778"}],"wp:attachment":[{"href":"https:\/\/multibsmx.com.mx\/blogs\/index.php?rest_route=%2Fwp%2Fv2%2Fmedia&parent=589"}],"curies":[{"name":"wp","href":"https:\/\/api.w.org\/{rel}","templated":true}]}}