{"id":502,"date":"2024-04-26T22:24:39","date_gmt":"2024-04-27T05:24:39","guid":{"rendered":"https:\/\/multibsmx.com.mx\/blogs\/?page_id=502"},"modified":"2024-04-27T15:59:32","modified_gmt":"2024-04-27T22:59:32","slug":"impresion","status":"publish","type":"page","link":"https:\/\/multibsmx.com.mx\/blogs\/?page_id=502","title":{"rendered":"Impresi\u00f3n"},"content":{"rendered":"<div data-colibri-id=\"502-c1\" class=\"style-578 style-local-502-c1 position-relative\">\n  <!---->\n  <div data-colibri-component=\"section\" data-colibri-id=\"502-c30\" id=\"custom\" class=\"h-section h-section-global-spacing d-flex align-items-lg-center align-items-md-center align-items-center style-760 style-local-502-c30 position-relative\">\n    <!---->\n    <!---->\n    <div class=\"h-section-grid-container h-section-boxed-container\">\n      <!---->\n      <div data-colibri-id=\"502-c31\" class=\"h-row-container gutters-row-lg-2 gutters-row-md-2 gutters-row-0 gutters-row-v-lg-2 gutters-row-v-md-2 gutters-row-v-2 style-761 style-local-502-c31 position-relative\">\n        <!---->\n        <div class=\"h-row justify-content-lg-center justify-content-md-center justify-content-center align-items-lg-stretch align-items-md-stretch align-items-stretch gutters-col-lg-2 gutters-col-md-2 gutters-col-0 gutters-col-v-lg-2 gutters-col-v-md-2 gutters-col-v-2\">\n          <!---->\n          <div class=\"h-column h-column-container d-flex h-col-lg-auto h-col-md-auto h-col-auto style-762-outer style-local-502-c32-outer\">\n            <div data-colibri-id=\"502-c32\" class=\"d-flex h-flex-basis h-column__inner h-px-lg-2 h-px-md-2 h-px-2 v-inner-lg-2 v-inner-md-2 v-inner-2 style-762 style-local-502-c32 position-relative\">\n              <!---->\n              <!---->\n              <div class=\"w-100 h-y-container h-column__content h-column__v-align flex-basis-100 align-self-lg-start align-self-md-start align-self-start\">\n                <!---->\n                <div data-colibri-id=\"502-c34\" class=\"h-text h-text-component style-764 style-local-502-c34 position-relative h-element\">\n                  <!---->\n                  <!---->\n                  <div class=\"\">\n                    <p>Dale un giro a tu imagen y presencia en l\u00ednea con nuestros servicios exclusivos de creaci\u00f3n de logotipos, dise\u00f1o de p\u00e1ginas web y estrategias de promoci\u00f3n en redes sociales. <\/p>\n                    <p>\u00a1Destaca, conecta y crece con nuestro apoyo profesional!<\/p>\n                  <\/div>\n                <\/div>\n              <\/div>\n            <\/div>\n          <\/div>\n        <\/div>\n      <\/div>\n    <\/div>\n  <\/div>\n  <div data-colibri-component=\"section\" data-colibri-id=\"502-c2\" id=\"content\" class=\"h-section h-section-global-spacing d-flex align-items-lg-center align-items-md-center align-items-center style-587 style-local-502-c2 position-relative\">\n    <!---->\n    <!---->\n    <div class=\"h-section-grid-container h-section-boxed-container\">\n      <!---->\n      <div data-colibri-id=\"502-c3\" class=\"h-row-container gutters-row-lg-2 gutters-row-md-2 gutters-row-2 gutters-row-v-lg-2 gutters-row-v-md-2 gutters-row-v-2 style-588 style-local-502-c3 position-relative\">\n        <!---->\n        <div class=\"h-row justify-content-lg-center justify-content-md-center justify-content-center align-items-lg-stretch align-items-md-stretch align-items-stretch gutters-col-lg-2 gutters-col-md-2 gutters-col-2 gutters-col-v-lg-2 gutters-col-v-md-2 gutters-col-v-2\">\n          <!---->\n          <div class=\"h-column h-column-container d-flex h-col-lg-auto h-col-md-auto h-col-auto style-589-outer style-local-502-c4-outer\">\n            <div data-colibri-id=\"502-c4\" class=\"d-flex h-flex-basis h-column__inner h-px-lg-0 h-px-md-2 h-px-0 v-inner-lg-0 v-inner-md-2 v-inner-0 style-589 style-local-502-c4 position-relative\">\n              <!---->\n              <!---->\n              <div class=\"w-100 h-y-container h-column__content h-column__v-align flex-basis-100 align-self-lg-center align-self-md-center align-self-center\">\n                <!---->\n                <div data-colibri-id=\"502-c5\" class=\"d-block style-590 style-local-502-c5 position-relative h-element\">\n                  <!---->\n                  <div class=\"h-image__frame-container-outer\">\n                    <div class=\"h-image__frame-container\">\n                      <!---->\n                      <!---->\n                      <img loading=\"lazy\" decoding=\"async\" width=\"449\" height=\"583\" src=\"https:\/\/multibsmx.com.mx\/blogs\/wp-content\/uploads\/2024\/04\/Imagen-de-WhatsApp-2024-04-26-a-las-18.12.51_e9f9166a.jpg\" class=\"wp-image-505 style-590-image style-local-502-c5-image\" alt=\"\" srcset=\"https:\/\/multibsmx.com.mx\/blogs\/wp-content\/uploads\/2024\/04\/Imagen-de-WhatsApp-2024-04-26-a-las-18.12.51_e9f9166a.jpg 449w, https:\/\/multibsmx.com.mx\/blogs\/wp-content\/uploads\/2024\/04\/Imagen-de-WhatsApp-2024-04-26-a-las-18.12.51_e9f9166a-231x300.jpg 231w\" sizes=\"auto, (max-width: 449px) 100vw, 449px\" \/>\n                      <div class=\"h-image__frame h-hide-sm style-590-frameImage style-local-502-c5-frameImage\"><\/div>\n                    <\/div>\n                  <\/div>\n                <\/div>\n              <\/div>\n            <\/div>\n          <\/div>\n          <div class=\"h-column h-column-container d-flex h-col-lg-auto h-col-md-auto h-col-auto style-591-outer style-local-502-c6-outer\">\n            <div data-colibri-id=\"502-c6\" class=\"d-flex h-flex-basis h-column__inner h-px-lg-0 h-px-md-0 h-px-2 v-inner-lg-0 v-inner-md-0 v-inner-2 style-591 style-local-502-c6 position-relative\">\n              <!---->\n              <!---->\n              <div class=\"w-100 h-y-container h-column__content h-column__v-align flex-basis-100 align-self-lg-center align-self-md-center align-self-center\">\n                <!---->\n                <div data-colibri-id=\"502-c7\" class=\"h-global-transition-all h-heading style-592 style-local-502-c7 position-relative h-element\">\n                  <!---->\n                  <div class=\"h-heading__outer style-592 style-local-502-c7\">\n                    <!---->\n                    <!---->\n                    <h3 class=\"\">Lonas y Viniles<\/h3>\n                  <\/div>\n                <\/div>\n                <div data-colibri-id=\"502-c8\" class=\"h-text h-text-component style-593 style-local-502-c8 position-relative h-element\">\n                  <!---->\n                  <!---->\n                  <div class=\"\"><\/div>\n                <\/div>\n              <\/div>\n            <\/div>\n          <\/div>\n        <\/div>\n      <\/div>\n    <\/div>\n  <\/div>\n  <div data-colibri-component=\"section\" data-colibri-id=\"502-c9\" id=\"content-2\" class=\"h-section h-section-global-spacing d-flex align-items-lg-center align-items-md-center align-items-center style-596 style-local-502-c9 position-relative\">\n    <!---->\n    <!---->\n    <div class=\"h-section-grid-container h-section-boxed-container\">\n      <!---->\n      <div data-colibri-id=\"502-c10\" class=\"h-row-container gutters-row-lg-2 gutters-row-md-2 gutters-row-2 gutters-row-v-lg-2 gutters-row-v-md-2 gutters-row-v-2 style-597 style-local-502-c10 position-relative\">\n        <!---->\n        <div class=\"h-row justify-content-lg-center justify-content-md-center justify-content-center align-items-lg-stretch align-items-md-stretch align-items-stretch gutters-col-lg-2 gutters-col-md-2 gutters-col-2 gutters-col-v-lg-2 gutters-col-v-md-2 gutters-col-v-2\">\n          <!---->\n          <div class=\"h-column h-column-container d-flex h-col-lg-auto h-col-md-auto h-col-auto style-598-outer style-local-502-c11-outer\">\n            <div data-colibri-id=\"502-c11\" class=\"d-flex h-flex-basis h-column__inner h-px-lg-0 h-px-md-0 h-px-2 v-inner-lg-0 v-inner-md-0 v-inner-2 style-598 style-local-502-c11 position-relative\">\n              <!---->\n              <!---->\n              <div class=\"w-100 h-y-container h-column__content h-column__v-align flex-basis-100 align-self-lg-center align-self-md-center align-self-center\">\n                <!---->\n                <div data-colibri-id=\"502-c12\" class=\"h-global-transition-all h-heading style-599 style-local-502-c12 position-relative h-element\">\n                  <!---->\n                  <div class=\"h-heading__outer style-599 style-local-502-c12\">\n                    <!---->\n                    <!---->\n                    <h3 class=\"\">Folders y Tripticos<\/h3>\n                  <\/div>\n                <\/div>\n                <div data-colibri-id=\"502-c13\" class=\"h-text h-text-component style-600 style-local-502-c13 position-relative h-element\">\n                  <!---->\n                  <!---->\n                  <div class=\"\"><\/div>\n                <\/div>\n              <\/div>\n            <\/div>\n          <\/div>\n          <div class=\"h-column h-column-container d-flex h-col-lg-auto h-col-md-auto h-col-auto style-603-outer style-local-502-c14-outer\">\n            <div data-colibri-id=\"502-c14\" class=\"d-flex h-flex-basis h-column__inner h-px-lg-0 h-px-md-2 h-px-0 v-inner-lg-0 v-inner-md-2 v-inner-0 style-603 style-local-502-c14 position-relative\">\n              <!---->\n              <!---->\n              <div class=\"w-100 h-y-container h-column__content h-column__v-align flex-basis-100 align-self-lg-center align-self-md-center align-self-center\">\n                <!---->\n                <div data-colibri-id=\"502-c15\" class=\"d-block style-604 style-local-502-c15 position-relative h-element\">\n                  <!---->\n                  <div class=\"h-image__frame-container-outer\">\n                    <div class=\"h-image__frame-container\">\n                      <!---->\n                      <!---->\n                      <img loading=\"lazy\" decoding=\"async\" width=\"723\" height=\"345\" src=\"https:\/\/multibsmx.com.mx\/blogs\/wp-content\/uploads\/2024\/04\/Imagen-de-WhatsApp-2024-04-26-a-las-18.12.51_32235be9.jpg\" class=\"wp-image-506 style-604-image style-local-502-c15-image\" alt=\"\" srcset=\"https:\/\/multibsmx.com.mx\/blogs\/wp-content\/uploads\/2024\/04\/Imagen-de-WhatsApp-2024-04-26-a-las-18.12.51_32235be9.jpg 723w, https:\/\/multibsmx.com.mx\/blogs\/wp-content\/uploads\/2024\/04\/Imagen-de-WhatsApp-2024-04-26-a-las-18.12.51_32235be9-300x143.jpg 300w\" sizes=\"auto, (max-width: 723px) 100vw, 723px\" \/>\n                      <div class=\"h-image__frame h-hide-sm style-604-frameImage style-local-502-c15-frameImage\"><\/div>\n                    <\/div>\n                  <\/div>\n                <\/div>\n              <\/div>\n            <\/div>\n          <\/div>\n        <\/div>\n      <\/div>\n    <\/div>\n  <\/div>\n  <div data-colibri-component=\"section\" data-colibri-id=\"502-c16\" id=\"content-3\" class=\"h-section h-section-global-spacing d-flex align-items-lg-center align-items-md-center align-items-center style-605 style-local-502-c16 position-relative\">\n    <!---->\n    <!---->\n    <div class=\"h-section-grid-container h-section-boxed-container\">\n      <!---->\n      <div data-colibri-id=\"502-c17\" class=\"h-row-container gutters-row-lg-2 gutters-row-md-2 gutters-row-2 gutters-row-v-lg-2 gutters-row-v-md-2 gutters-row-v-2 style-606 style-local-502-c17 position-relative\">\n        <!---->\n        <div class=\"h-row justify-content-lg-center justify-content-md-center justify-content-center align-items-lg-stretch align-items-md-stretch align-items-stretch gutters-col-lg-2 gutters-col-md-2 gutters-col-2 gutters-col-v-lg-2 gutters-col-v-md-2 gutters-col-v-2\">\n          <!---->\n          <div class=\"h-column h-column-container d-flex h-col-lg-auto h-col-md-auto h-col-auto style-607-outer style-local-502-c18-outer\">\n            <div data-colibri-id=\"502-c18\" class=\"d-flex h-flex-basis h-column__inner h-px-lg-0 h-px-md-2 h-px-0 v-inner-lg-0 v-inner-md-2 v-inner-0 style-607 style-local-502-c18 position-relative\">\n              <!---->\n              <!---->\n              <div class=\"w-100 h-y-container h-column__content h-column__v-align flex-basis-100 align-self-lg-center align-self-md-center align-self-center\">\n                <!---->\n                <div data-colibri-id=\"502-c19\" class=\"d-block style-608 style-local-502-c19 position-relative h-element\">\n                  <!---->\n                  <div class=\"h-image__frame-container-outer\">\n                    <div class=\"h-image__frame-container\">\n                      <!---->\n                      <!---->\n                      <img loading=\"lazy\" decoding=\"async\" width=\"322\" height=\"322\" src=\"https:\/\/multibsmx.com.mx\/blogs\/wp-content\/uploads\/2024\/04\/Imagen-de-WhatsApp-2024-04-26-a-las-18.12.51_03fc0f61.jpg\" class=\"wp-image-507 style-608-image style-local-502-c19-image\" alt=\"\" srcset=\"https:\/\/multibsmx.com.mx\/blogs\/wp-content\/uploads\/2024\/04\/Imagen-de-WhatsApp-2024-04-26-a-las-18.12.51_03fc0f61.jpg 322w, https:\/\/multibsmx.com.mx\/blogs\/wp-content\/uploads\/2024\/04\/Imagen-de-WhatsApp-2024-04-26-a-las-18.12.51_03fc0f61-300x300.jpg 300w, https:\/\/multibsmx.com.mx\/blogs\/wp-content\/uploads\/2024\/04\/Imagen-de-WhatsApp-2024-04-26-a-las-18.12.51_03fc0f61-150x150.jpg 150w\" sizes=\"auto, (max-width: 322px) 100vw, 322px\" \/>\n                      <div class=\"h-image__frame h-hide-sm style-608-frameImage style-local-502-c19-frameImage\"><\/div>\n                    <\/div>\n                  <\/div>\n                <\/div>\n              <\/div>\n            <\/div>\n          <\/div>\n          <div class=\"h-column h-column-container d-flex h-col-lg-auto h-col-md-auto h-col-auto style-609-outer style-local-502-c20-outer\">\n            <div data-colibri-id=\"502-c20\" class=\"d-flex h-flex-basis h-column__inner h-px-lg-0 h-px-md-0 h-px-2 v-inner-lg-0 v-inner-md-0 v-inner-2 style-609 style-local-502-c20 position-relative\">\n              <!---->\n              <!---->\n              <div class=\"w-100 h-y-container h-column__content h-column__v-align flex-basis-100 align-self-lg-center align-self-md-center align-self-center\">\n                <!---->\n                <div data-colibri-id=\"502-c21\" class=\"h-global-transition-all h-heading style-610 style-local-502-c21 position-relative h-element\">\n                  <!---->\n                  <div class=\"h-heading__outer style-610 style-local-502-c21\">\n                    <!---->\n                    <!---->\n                    <h3 class=\"\">Bordados y Serigraf\u00eda<\/h3>\n                  <\/div>\n                <\/div>\n                <div data-colibri-id=\"502-c22\" class=\"h-text h-text-component style-611 style-local-502-c22 position-relative h-element\">\n                  <!---->\n                  <!---->\n                  <div class=\"\"><\/div>\n                <\/div>\n              <\/div>\n            <\/div>\n          <\/div>\n        <\/div>\n      <\/div>\n    <\/div>\n  <\/div>\n  <div data-colibri-component=\"section\" data-colibri-id=\"502-c23\" id=\"content-4\" class=\"h-section h-section-global-spacing d-flex align-items-lg-center align-items-md-center align-items-center style-614 style-local-502-c23 position-relative\">\n    <!---->\n    <!---->\n    <div class=\"h-section-grid-container h-section-boxed-container\">\n      <!---->\n      <div data-colibri-id=\"502-c24\" class=\"h-row-container gutters-row-lg-2 gutters-row-md-2 gutters-row-2 gutters-row-v-lg-2 gutters-row-v-md-2 gutters-row-v-2 style-615 style-local-502-c24 position-relative\">\n        <!---->\n        <div class=\"h-row justify-content-lg-center justify-content-md-center justify-content-center align-items-lg-stretch align-items-md-stretch align-items-stretch gutters-col-lg-2 gutters-col-md-2 gutters-col-2 gutters-col-v-lg-2 gutters-col-v-md-2 gutters-col-v-2\">\n          <!---->\n          <div class=\"h-column h-column-container d-flex h-col-lg-auto h-col-md-auto h-col-auto style-616-outer style-local-502-c25-outer\">\n            <div data-colibri-id=\"502-c25\" class=\"d-flex h-flex-basis h-column__inner h-px-lg-0 h-px-md-0 h-px-2 v-inner-lg-0 v-inner-md-0 v-inner-2 style-616 style-local-502-c25 position-relative\">\n              <!---->\n              <!---->\n              <div class=\"w-100 h-y-container h-column__content h-column__v-align flex-basis-100 align-self-lg-center align-self-md-center align-self-center\">\n                <!---->\n                <div data-colibri-id=\"502-c26\" class=\"h-global-transition-all h-heading style-617 style-local-502-c26 position-relative h-element\">\n                  <!---->\n                  <div class=\"h-heading__outer style-617 style-local-502-c26\">\n                    <!---->\n                    <!---->\n                    <h3 class=\"\">Sellos y Reconocimientos<\/h3>\n                  <\/div>\n                <\/div>\n                <div data-colibri-id=\"502-c27\" class=\"h-text h-text-component style-618 style-local-502-c27 position-relative h-element\">\n                  <!---->\n                  <!---->\n                  <div class=\"\"><\/div>\n                <\/div>\n              <\/div>\n            <\/div>\n          <\/div>\n          <div class=\"h-column h-column-container d-flex h-col-lg-auto h-col-md-auto h-col-auto style-621-outer style-local-502-c28-outer\">\n            <div data-colibri-id=\"502-c28\" class=\"d-flex h-flex-basis h-column__inner h-px-lg-0 h-px-md-2 h-px-0 v-inner-lg-0 v-inner-md-2 v-inner-0 style-621 style-local-502-c28 position-relative\">\n              <!---->\n              <!---->\n              <div class=\"w-100 h-y-container h-column__content h-column__v-align flex-basis-100 align-self-lg-center align-self-md-center align-self-center\">\n                <!---->\n                <div data-colibri-id=\"502-c29\" class=\"d-block style-622 style-local-502-c29 position-relative h-element\">\n                  <!---->\n                  <div class=\"h-image__frame-container-outer\">\n                    <div class=\"h-image__frame-container\">\n                      <!---->\n                      <!---->\n                      <img loading=\"lazy\" decoding=\"async\" width=\"807\" height=\"385\" src=\"https:\/\/multibsmx.com.mx\/blogs\/wp-content\/uploads\/2024\/04\/Imagen-de-WhatsApp-2024-04-26-a-las-18.12.51_2f15d244.jpg\" class=\"wp-image-508 style-622-image style-local-502-c29-image\" alt=\"\" srcset=\"https:\/\/multibsmx.com.mx\/blogs\/wp-content\/uploads\/2024\/04\/Imagen-de-WhatsApp-2024-04-26-a-las-18.12.51_2f15d244.jpg 807w, https:\/\/multibsmx.com.mx\/blogs\/wp-content\/uploads\/2024\/04\/Imagen-de-WhatsApp-2024-04-26-a-las-18.12.51_2f15d244-300x143.jpg 300w, https:\/\/multibsmx.com.mx\/blogs\/wp-content\/uploads\/2024\/04\/Imagen-de-WhatsApp-2024-04-26-a-las-18.12.51_2f15d244-768x366.jpg 768w\" sizes=\"auto, (max-width: 807px) 100vw, 807px\" \/>\n                      <div class=\"h-image__frame h-hide-sm style-622-frameImage style-local-502-c29-frameImage\"><\/div>\n                    <\/div>\n                  <\/div>\n                <\/div>\n              <\/div>\n            <\/div>\n          <\/div>\n        <\/div>\n      <\/div>\n    <\/div>\n  <\/div>\n<\/div>","protected":false},"excerpt":{"rendered":"<p>Dale un giro a tu imagen y presencia en l\u00ednea con nuestros servicios exclusivos de creaci\u00f3n de logotipos, dise\u00f1o de p\u00e1ginas web y estrategias de promoci\u00f3n en redes sociales. \u00a1Destaca, conecta y crece con nuestro apoyo profesional! Lonas y Viniles Folders y Tripticos Bordados y Serigraf\u00eda Sellos y Reconocimientos<\/p>\n","protected":false},"author":1,"featured_media":0,"parent":0,"menu_order":0,"comment_status":"closed","ping_status":"closed","template":"page-templates\/full-width-page.php","meta":{"footnotes":""},"class_list":["post-502","page","type-page","status-publish","hentry"],"_links":{"self":[{"href":"https:\/\/multibsmx.com.mx\/blogs\/index.php?rest_route=\/wp\/v2\/pages\/502","targetHints":{"allow":["GET"]}}],"collection":[{"href":"https:\/\/multibsmx.com.mx\/blogs\/index.php?rest_route=\/wp\/v2\/pages"}],"about":[{"href":"https:\/\/multibsmx.com.mx\/blogs\/index.php?rest_route=\/wp\/v2\/types\/page"}],"author":[{"embeddable":true,"href":"https:\/\/multibsmx.com.mx\/blogs\/index.php?rest_route=\/wp\/v2\/users\/1"}],"replies":[{"embeddable":true,"href":"https:\/\/multibsmx.com.mx\/blogs\/index.php?rest_route=%2Fwp%2Fv2%2Fcomments&post=502"}],"version-history":[{"count":3,"href":"https:\/\/multibsmx.com.mx\/blogs\/index.php?rest_route=\/wp\/v2\/pages\/502\/revisions"}],"predecessor-version":[{"id":690,"href":"https:\/\/multibsmx.com.mx\/blogs\/index.php?rest_route=\/wp\/v2\/pages\/502\/revisions\/690"}],"wp:attachment":[{"href":"https:\/\/multibsmx.com.mx\/blogs\/index.php?rest_route=%2Fwp%2Fv2%2Fmedia&parent=502"}],"curies":[{"name":"wp","href":"https:\/\/api.w.org\/{rel}","templated":true}]}}