{"id":492,"date":"2024-04-26T22:15:09","date_gmt":"2024-04-27T05:15:09","guid":{"rendered":"https:\/\/multibsmx.com.mx\/blogs\/?page_id=492"},"modified":"2024-04-27T15:53:09","modified_gmt":"2024-04-27T22:53:09","slug":"disenamos-tu-logotipo-y-elaboramos-tu-pagina-web","status":"publish","type":"page","link":"https:\/\/multibsmx.com.mx\/blogs\/?page_id=492","title":{"rendered":"Dise\u00f1amos tu Logotipo y Elaboramos tu P\u00e1gina Web"},"content":{"rendered":"<div data-colibri-id=\"492-c1\" class=\"style-570 style-local-492-c1 position-relative\">\n  <!---->\n  <div data-colibri-component=\"section\" data-colibri-id=\"492-c2\" id=\"content\" class=\"h-section h-section-global-spacing d-flex align-items-lg-center align-items-md-center align-items-center style-571 style-local-492-c2 position-relative\">\n    <!---->\n    <!---->\n    <div class=\"h-section-grid-container h-section-boxed-container\">\n      <div data-colibri-id=\"492-c6\" class=\"h-row-container gutters-row-lg-2 gutters-row-md-2 gutters-row-2 gutters-row-v-lg-2 gutters-row-v-md-2 gutters-row-v-2 style-575 style-local-492-c6 position-relative\">\n        <!---->\n        <div class=\"h-row justify-content-lg-center justify-content-md-center justify-content-center align-items-lg-stretch align-items-md-stretch align-items-stretch gutters-col-lg-2 gutters-col-md-2 gutters-col-2 gutters-col-v-lg-2 gutters-col-v-md-2 gutters-col-v-2\">\n          <!---->\n          <div class=\"h-column h-column-container d-flex h-col-lg-auto h-col-md-auto h-col-auto style-576-outer style-local-492-c7-outer\">\n            <div data-colibri-id=\"492-c7\" class=\"d-flex h-flex-basis h-column__inner h-px-lg-2 h-px-md-2 h-px-0 v-inner-lg-2 v-inner-md-2 v-inner-0 style-576 style-local-492-c7 position-relative\">\n              <!---->\n              <!---->\n              <div class=\"w-100 h-y-container h-column__content h-column__v-align flex-basis-100 align-self-lg-start align-self-md-start align-self-start\">\n                <!---->\n                <div data-colibri-id=\"492-c8\" class=\"h-global-transition-all h-heading style-577 style-local-492-c8 position-relative h-element\">\n                  <!---->\n                  <div class=\"h-heading__outer style-577 style-local-492-c8\">\n                    <!---->\n                    <!---->\n                    <h2 class=\"\">Te apoyamos con tu Marketing en Redes Sociales.<\/h2>\n                  <\/div>\n                <\/div>\n              <\/div>\n            <\/div>\n          <\/div>\n        <\/div>\n      <\/div>\n      <div data-colibri-id=\"492-c9\" class=\"h-row-container gutters-row-lg-2 gutters-row-md-2 gutters-row-0 gutters-row-v-lg-2 gutters-row-v-md-2 gutters-row-v-2 style-756 style-local-492-c9 position-relative\">\n        <!---->\n        <div class=\"h-row justify-content-lg-center justify-content-md-center justify-content-center align-items-lg-stretch align-items-md-stretch align-items-stretch gutters-col-lg-2 gutters-col-md-2 gutters-col-0 gutters-col-v-lg-2 gutters-col-v-md-2 gutters-col-v-2\">\n          <!---->\n          <div class=\"h-column h-column-container d-flex h-col-lg-12 h-col-md-12 h-col-12 style-757-outer style-local-492-c10-outer\">\n            <div data-colibri-id=\"492-c10\" class=\"d-flex h-flex-basis h-column__inner h-px-lg-2 h-px-md-2 h-px-2 v-inner-lg-2 v-inner-md-2 v-inner-2 style-757 style-local-492-c10 position-relative\">\n              <!---->\n              <!---->\n              <div class=\"w-100 h-y-container h-column__content h-column__v-align flex-basis-100 align-self-lg-start align-self-md-start align-self-start\">\n                <!---->\n                <div data-colibri-id=\"492-c12\" class=\"h-text h-text-component style-759 style-local-492-c12 position-relative h-element\">\n                  <!---->\n                  <!---->\n                  <div class=\"\">\n                    <p>Dale un giro a tu imagen y presencia en l\u00ednea con nuestros servicios exclusivos de creaci\u00f3n de logotipos, dise\u00f1o de p\u00e1ginas web y estrategias de promoci\u00f3n en redes sociales.<\/p>\n                    <p>\u00a1Destaca, conecta y crece con nuestro apoyo profesional!<\/p>\n                  <\/div>\n                <\/div>\n              <\/div>\n            <\/div>\n          <\/div>\n        <\/div>\n      <\/div>\n      <div data-colibri-id=\"492-c3\" class=\"h-row-container gutters-row-lg-2 gutters-row-md-2 gutters-row-2 gutters-row-v-lg-2 gutters-row-v-md-2 gutters-row-v-2 style-572 style-local-492-c3 position-relative\">\n        <!---->\n        <div class=\"h-row justify-content-lg-center justify-content-md-center justify-content-center align-items-lg-stretch align-items-md-stretch align-items-stretch gutters-col-lg-2 gutters-col-md-2 gutters-col-2 gutters-col-v-lg-2 gutters-col-v-md-2 gutters-col-v-2\">\n          <!---->\n          <div class=\"h-column h-column-container d-flex h-col-lg-auto h-col-md-auto h-col-auto style-573-outer style-local-492-c4-outer\">\n            <div data-colibri-id=\"492-c4\" class=\"d-flex h-flex-basis h-column__inner h-px-lg-0 h-px-md-0 h-px-0 v-inner-lg-0 v-inner-md-0 v-inner-0 style-573 style-local-492-c4 position-relative\">\n              <!---->\n              <!---->\n              <div class=\"w-100 h-y-container h-column__content h-column__v-align flex-basis-100 align-self-lg-start align-self-md-start align-self-start\">\n                <!---->\n                <div data-colibri-id=\"492-c5\" class=\"d-block style-574 style-local-492-c5 position-relative h-element\">\n                  <!---->\n                  <div class=\"h-image__frame-container-outer\">\n                    <div class=\"h-image__frame-container\">\n                      <!---->\n                      <!---->\n                      <img loading=\"lazy\" decoding=\"async\" width=\"846\" height=\"348\" src=\"https:\/\/multibsmx.com.mx\/blogs\/wp-content\/uploads\/2024\/04\/Imagen-de-WhatsApp-2024-04-26-a-las-18.12.51_90fbbd37.jpg\" class=\"wp-image-396 style-574-image style-local-492-c5-image\" alt=\"\" srcset=\"https:\/\/multibsmx.com.mx\/blogs\/wp-content\/uploads\/2024\/04\/Imagen-de-WhatsApp-2024-04-26-a-las-18.12.51_90fbbd37.jpg 846w, https:\/\/multibsmx.com.mx\/blogs\/wp-content\/uploads\/2024\/04\/Imagen-de-WhatsApp-2024-04-26-a-las-18.12.51_90fbbd37-300x123.jpg 300w, https:\/\/multibsmx.com.mx\/blogs\/wp-content\/uploads\/2024\/04\/Imagen-de-WhatsApp-2024-04-26-a-las-18.12.51_90fbbd37-768x316.jpg 768w\" sizes=\"auto, (max-width: 846px) 100vw, 846px\" \/>\n                      <div class=\"h-image__frame style-574-frameImage style-local-492-c5-frameImage\"><\/div>\n                    <\/div>\n                  <\/div>\n                <\/div>\n              <\/div>\n            <\/div>\n          <\/div>\n        <\/div>\n      <\/div>\n    <\/div>\n  <\/div>\n<\/div>","protected":false},"excerpt":{"rendered":"<p>Te apoyamos con tu Marketing en Redes Sociales. Dale un giro a tu imagen y presencia en l\u00ednea con nuestros servicios exclusivos de creaci\u00f3n de logotipos, dise\u00f1o de p\u00e1ginas web y estrategias de promoci\u00f3n en redes sociales. \u00a1Destaca, conecta y crece con nuestro apoyo profesional!<\/p>\n","protected":false},"author":1,"featured_media":0,"parent":0,"menu_order":0,"comment_status":"closed","ping_status":"closed","template":"page-templates\/full-width-page.php","meta":{"footnotes":""},"class_list":["post-492","page","type-page","status-publish","hentry"],"_links":{"self":[{"href":"https:\/\/multibsmx.com.mx\/blogs\/index.php?rest_route=\/wp\/v2\/pages\/492","targetHints":{"allow":["GET"]}}],"collection":[{"href":"https:\/\/multibsmx.com.mx\/blogs\/index.php?rest_route=\/wp\/v2\/pages"}],"about":[{"href":"https:\/\/multibsmx.com.mx\/blogs\/index.php?rest_route=\/wp\/v2\/types\/page"}],"author":[{"embeddable":true,"href":"https:\/\/multibsmx.com.mx\/blogs\/index.php?rest_route=\/wp\/v2\/users\/1"}],"replies":[{"embeddable":true,"href":"https:\/\/multibsmx.com.mx\/blogs\/index.php?rest_route=%2Fwp%2Fv2%2Fcomments&post=492"}],"version-history":[{"count":4,"href":"https:\/\/multibsmx.com.mx\/blogs\/index.php?rest_route=\/wp\/v2\/pages\/492\/revisions"}],"predecessor-version":[{"id":683,"href":"https:\/\/multibsmx.com.mx\/blogs\/index.php?rest_route=\/wp\/v2\/pages\/492\/revisions\/683"}],"wp:attachment":[{"href":"https:\/\/multibsmx.com.mx\/blogs\/index.php?rest_route=%2Fwp%2Fv2%2Fmedia&parent=492"}],"curies":[{"name":"wp","href":"https:\/\/api.w.org\/{rel}","templated":true}]}}