{"id":482,"date":"2024-04-26T21:59:27","date_gmt":"2024-04-27T04:59:27","guid":{"rendered":"https:\/\/multibsmx.com.mx\/blogs\/?page_id=482"},"modified":"2024-04-27T15:43:51","modified_gmt":"2024-04-27T22:43:51","slug":"tarjetas-de-presentacion","status":"publish","type":"page","link":"https:\/\/multibsmx.com.mx\/blogs\/?page_id=482","title":{"rendered":"Tarjetas de Presentaci\u00f3n"},"content":{"rendered":"<div data-colibri-id=\"482-c1\" class=\"style-562 style-local-482-c1 position-relative\">\n  <!---->\n  <div data-colibri-component=\"section\" data-colibri-id=\"482-c2\" id=\"content\" class=\"h-section h-section-global-spacing d-flex align-items-lg-center align-items-md-center align-items-center style-563 style-local-482-c2 position-relative\">\n    <!---->\n    <!---->\n    <div class=\"h-section-grid-container h-section-boxed-container\">\n      <div data-colibri-id=\"482-c6\" class=\"h-row-container gutters-row-lg-2 gutters-row-md-2 gutters-row-2 gutters-row-v-lg-2 gutters-row-v-md-2 gutters-row-v-2 style-567 style-local-482-c6 position-relative\">\n        <!---->\n        <div class=\"h-row justify-content-lg-center justify-content-md-center justify-content-center align-items-lg-stretch align-items-md-stretch align-items-stretch gutters-col-lg-2 gutters-col-md-2 gutters-col-2 gutters-col-v-lg-2 gutters-col-v-md-2 gutters-col-v-2\">\n          <!---->\n          <div class=\"h-column h-column-container d-flex h-col-lg-auto h-col-md-auto h-col-auto style-568-outer style-local-482-c7-outer\">\n            <div data-colibri-id=\"482-c7\" class=\"d-flex h-flex-basis h-column__inner h-px-lg-2 h-px-md-2 h-px-0 v-inner-lg-2 v-inner-md-2 v-inner-0 style-568 style-local-482-c7 position-relative\">\n              <!---->\n              <!---->\n              <div class=\"w-100 h-y-container h-column__content h-column__v-align flex-basis-100 align-self-lg-start align-self-md-start align-self-start\">\n                <!---->\n                <div data-colibri-id=\"482-c8\" class=\"h-global-transition-all h-heading style-569 style-local-482-c8 position-relative h-element\">\n                  <!---->\n                  <div class=\"h-heading__outer style-569 style-local-482-c8\">\n                    <!---->\n                    <!---->\n                    <h2 class=\"\">Elaboramos tu Tarjeta de Presentaci\u00f3n Digital con Enlace a tu Pagina Web en PDF para que la compartas por WhatsApp.<\/h2>\n                  <\/div>\n                <\/div>\n              <\/div>\n            <\/div>\n          <\/div>\n        <\/div>\n      <\/div>\n      <div data-colibri-id=\"482-c3\" class=\"h-row-container gutters-row-lg-2 gutters-row-md-2 gutters-row-2 gutters-row-v-lg-2 gutters-row-v-md-2 gutters-row-v-2 style-564 style-local-482-c3 position-relative\">\n        <!---->\n        <div class=\"h-row justify-content-lg-center justify-content-md-center justify-content-center align-items-lg-stretch align-items-md-stretch align-items-stretch gutters-col-lg-2 gutters-col-md-2 gutters-col-2 gutters-col-v-lg-2 gutters-col-v-md-2 gutters-col-v-2\">\n          <!---->\n          <div class=\"h-column h-column-container d-flex h-col-lg-auto h-col-md-auto h-col-auto style-565-outer style-local-482-c4-outer\">\n            <div data-colibri-id=\"482-c4\" class=\"d-flex h-flex-basis h-column__inner h-px-lg-0 h-px-md-0 h-px-0 v-inner-lg-0 v-inner-md-0 v-inner-0 style-565 style-local-482-c4 position-relative\">\n              <!---->\n              <!---->\n              <div class=\"w-100 h-y-container h-column__content h-column__v-align flex-basis-100 align-self-lg-start align-self-md-start align-self-start\">\n                <!---->\n                <div data-colibri-id=\"482-c5\" class=\"d-block style-566 style-local-482-c5 position-relative h-element\">\n                  <!---->\n                  <div class=\"h-image__frame-container-outer\">\n                    <div class=\"h-image__frame-container\">\n                      <!---->\n                      <!---->\n                      <img loading=\"lazy\" decoding=\"async\" width=\"888\" height=\"287\" src=\"https:\/\/multibsmx.com.mx\/blogs\/wp-content\/uploads\/2024\/04\/Imagen-de-WhatsApp-2024-04-26-a-las-18.12.51_d5b40d0c.jpg\" class=\"wp-image-395 style-566-image style-local-482-c5-image\" alt=\"\" srcset=\"https:\/\/multibsmx.com.mx\/blogs\/wp-content\/uploads\/2024\/04\/Imagen-de-WhatsApp-2024-04-26-a-las-18.12.51_d5b40d0c.jpg 888w, https:\/\/multibsmx.com.mx\/blogs\/wp-content\/uploads\/2024\/04\/Imagen-de-WhatsApp-2024-04-26-a-las-18.12.51_d5b40d0c-300x97.jpg 300w, https:\/\/multibsmx.com.mx\/blogs\/wp-content\/uploads\/2024\/04\/Imagen-de-WhatsApp-2024-04-26-a-las-18.12.51_d5b40d0c-768x248.jpg 768w\" sizes=\"auto, (max-width: 888px) 100vw, 888px\" \/>\n                      <div class=\"h-image__frame h-hide-lg h-hide-md h-hide-sm style-566-frameImage style-local-482-c5-frameImage\"><\/div>\n                    <\/div>\n                  <\/div>\n                <\/div>\n              <\/div>\n            <\/div>\n          <\/div>\n        <\/div>\n      <\/div>\n      <div data-colibri-id=\"482-c9\" class=\"h-row-container gutters-row-lg-2 gutters-row-md-2 gutters-row-0 gutters-row-v-lg-2 gutters-row-v-md-2 gutters-row-v-2 style-752 style-local-482-c9 position-relative\">\n        <!---->\n        <div class=\"h-row justify-content-lg-center justify-content-md-center justify-content-center align-items-lg-stretch align-items-md-stretch align-items-stretch gutters-col-lg-2 gutters-col-md-2 gutters-col-0 gutters-col-v-lg-2 gutters-col-v-md-2 gutters-col-v-2\">\n          <!---->\n          <div class=\"h-column h-column-container d-flex h-col-lg-12 h-col-md-12 h-col-12 style-753-outer style-local-482-c10-outer\">\n            <div data-colibri-id=\"482-c10\" class=\"d-flex h-flex-basis h-column__inner h-px-lg-2 h-px-md-2 h-px-2 v-inner-lg-2 v-inner-md-2 v-inner-2 style-753 style-local-482-c10 position-relative\">\n              <!---->\n              <!---->\n              <div class=\"w-100 h-y-container h-column__content h-column__v-align flex-basis-100 align-self-lg-start align-self-md-start align-self-start\">\n                <!---->\n                <div data-colibri-id=\"482-c12\" class=\"h-text h-text-component style-755 style-local-482-c12 position-relative h-element\">\n                  <!---->\n                  <!---->\n                  <div class=\"\">\n                    <p>Impulsa tu red profesional con estilo: elaboramos tu tarjeta de presentaci\u00f3n digital en PDF, con enlace directo a tu p\u00e1gina web. Comparte f\u00e1cilmente tu perfil a trav\u00e9s de WhatsApp y destaca en cada conexi\u00f3n.<\/p>\n                  <\/div>\n                <\/div>\n              <\/div>\n            <\/div>\n          <\/div>\n        <\/div>\n      <\/div>\n    <\/div>\n  <\/div>\n<\/div>","protected":false},"excerpt":{"rendered":"<p>Elaboramos tu Tarjeta de Presentaci\u00f3n Digital con Enlace a tu Pagina Web en PDF para que la compartas por WhatsApp. Impulsa tu red profesional con estilo: elaboramos tu tarjeta de presentaci\u00f3n digital en PDF, con enlace directo a tu p\u00e1gina web. Comparte f\u00e1cilmente tu perfil a trav\u00e9s de WhatsApp y destaca en cada conexi\u00f3n.<\/p>\n","protected":false},"author":1,"featured_media":0,"parent":0,"menu_order":0,"comment_status":"closed","ping_status":"closed","template":"page-templates\/full-width-page.php","meta":{"footnotes":""},"class_list":["post-482","page","type-page","status-publish","hentry"],"_links":{"self":[{"href":"https:\/\/multibsmx.com.mx\/blogs\/index.php?rest_route=\/wp\/v2\/pages\/482","targetHints":{"allow":["GET"]}}],"collection":[{"href":"https:\/\/multibsmx.com.mx\/blogs\/index.php?rest_route=\/wp\/v2\/pages"}],"about":[{"href":"https:\/\/multibsmx.com.mx\/blogs\/index.php?rest_route=\/wp\/v2\/types\/page"}],"author":[{"embeddable":true,"href":"https:\/\/multibsmx.com.mx\/blogs\/index.php?rest_route=\/wp\/v2\/users\/1"}],"replies":[{"embeddable":true,"href":"https:\/\/multibsmx.com.mx\/blogs\/index.php?rest_route=%2Fwp%2Fv2%2Fcomments&post=482"}],"version-history":[{"count":3,"href":"https:\/\/multibsmx.com.mx\/blogs\/index.php?rest_route=\/wp\/v2\/pages\/482\/revisions"}],"predecessor-version":[{"id":662,"href":"https:\/\/multibsmx.com.mx\/blogs\/index.php?rest_route=\/wp\/v2\/pages\/482\/revisions\/662"}],"wp:attachment":[{"href":"https:\/\/multibsmx.com.mx\/blogs\/index.php?rest_route=%2Fwp%2Fv2%2Fmedia&parent=482"}],"curies":[{"name":"wp","href":"https:\/\/api.w.org\/{rel}","templated":true}]}}