{"id":473,"date":"2024-04-26T21:28:47","date_gmt":"2024-04-27T04:28:47","guid":{"rendered":"https:\/\/multibsmx.com.mx\/blogs\/?page_id=473"},"modified":"2024-05-08T00:15:48","modified_gmt":"2024-05-08T07:15:48","slug":"libros-manuales-empastados","status":"publish","type":"page","link":"https:\/\/multibsmx.com.mx\/blogs\/?page_id=473","title":{"rendered":"Libros (Manuales) Empastados"},"content":{"rendered":"<div data-colibri-id=\"473-c1\" class=\"style-550 style-local-473-c1 position-relative\">\n  <!---->\n  <div data-colibri-component=\"section\" data-colibri-id=\"473-c2\" id=\"content\" class=\"h-section h-section-global-spacing d-flex align-items-lg-center align-items-md-center align-items-center style-555 style-local-473-c2 position-relative\">\n    <!---->\n    <!---->\n    <div class=\"h-section-grid-container h-section-boxed-container\">\n      <div data-colibri-id=\"473-c9\" class=\"h-row-container gutters-row-lg-2 gutters-row-md-2 gutters-row-2 gutters-row-v-lg-2 gutters-row-v-md-2 gutters-row-v-2 style-559 style-local-473-c9 position-relative\">\n        <!---->\n        <div class=\"h-row justify-content-lg-center justify-content-md-center justify-content-center align-items-lg-stretch align-items-md-stretch align-items-stretch gutters-col-lg-2 gutters-col-md-2 gutters-col-2 gutters-col-v-lg-2 gutters-col-v-md-2 gutters-col-v-2\">\n          <!---->\n          <div class=\"h-column h-column-container d-flex h-col-lg-auto h-col-md-auto h-col-auto style-560-outer style-local-473-c10-outer\">\n            <div data-colibri-id=\"473-c10\" class=\"d-flex h-flex-basis h-column__inner h-px-lg-2 h-px-md-2 h-px-0 v-inner-lg-2 v-inner-md-2 v-inner-0 style-560 style-local-473-c10 position-relative\">\n              <!---->\n              <!---->\n              <div class=\"w-100 h-y-container h-column__content h-column__v-align flex-basis-100 align-self-lg-start align-self-md-start align-self-start\">\n                <!---->\n                <div data-colibri-id=\"473-c11\" class=\"h-global-transition-all h-heading style-561 style-local-473-c11 position-relative h-element\">\n                  <!---->\n                  <div class=\"h-heading__outer style-561 style-local-473-c11\">\n                    <!---->\n                    <!---->\n                    <h2 class=\"\">Hot Melt con Portada Delgada<\/h2>\n                  <\/div>\n                <\/div>\n              <\/div>\n            <\/div>\n          <\/div>\n        <\/div>\n      <\/div>\n      <div data-colibri-id=\"473-c3\" class=\"h-row-container gutters-row-lg-2 gutters-row-md-2 gutters-row-2 gutters-row-v-lg-2 gutters-row-v-md-2 gutters-row-v-2 style-556 style-local-473-c3 position-relative\">\n        <!---->\n        <div class=\"h-row justify-content-lg-center justify-content-md-center justify-content-center align-items-lg-stretch align-items-md-stretch align-items-stretch gutters-col-lg-2 gutters-col-md-2 gutters-col-2 gutters-col-v-lg-2 gutters-col-v-md-2 gutters-col-v-2\">\n          <!---->\n          <div class=\"h-column h-column-container d-flex h-col-lg-auto h-col-md-auto h-col-auto style-557-outer style-local-473-c4-outer\">\n            <div data-colibri-id=\"473-c4\" class=\"d-flex h-flex-basis h-column__inner h-px-lg-0 h-px-md-0 h-px-0 v-inner-lg-0 v-inner-md-0 v-inner-0 style-557 style-local-473-c4 position-relative\">\n              <!---->\n              <!---->\n              <div class=\"w-100 h-y-container h-column__content h-column__v-align flex-basis-100 align-self-lg-start align-self-md-start align-self-start\">\n                <!---->\n                <div data-colibri-id=\"473-c5\" class=\"d-block style-558 style-local-473-c5 position-relative h-element\">\n                  <!---->\n                  <div class=\"h-image__frame-container-outer\">\n                    <div class=\"h-image__frame-container\">\n                      <!---->\n                      <!---->\n                      <img loading=\"lazy\" decoding=\"async\" width=\"706\" height=\"157\" src=\"https:\/\/multibsmx.com.mx\/blogs\/wp-content\/uploads\/2024\/04\/Imagen-de-WhatsApp-2024-04-26-a-las-18.12.51_f362f941-copia.jpg\" class=\"wp-image-394 style-558-image style-local-473-c5-image\" alt=\"\" srcset=\"https:\/\/multibsmx.com.mx\/blogs\/wp-content\/uploads\/2024\/04\/Imagen-de-WhatsApp-2024-04-26-a-las-18.12.51_f362f941-copia.jpg 706w, https:\/\/multibsmx.com.mx\/blogs\/wp-content\/uploads\/2024\/04\/Imagen-de-WhatsApp-2024-04-26-a-las-18.12.51_f362f941-copia-300x67.jpg 300w\" sizes=\"auto, (max-width: 706px) 100vw, 706px\" \/>\n                      <div class=\"h-image__frame style-558-frameImage style-local-473-c5-frameImage\"><\/div>\n                    <\/div>\n                  <\/div>\n                <\/div>\n              <\/div>\n            <\/div>\n          <\/div>\n        <\/div>\n      <\/div>\n      <div data-colibri-id=\"473-c6\" class=\"h-row-container gutters-row-lg-2 gutters-row-md-2 gutters-row-0 gutters-row-v-lg-2 gutters-row-v-md-2 gutters-row-v-2 style-748 style-local-473-c6 position-relative\">\n        <!---->\n        <div class=\"h-row justify-content-lg-center justify-content-md-center justify-content-center align-items-lg-stretch align-items-md-stretch align-items-stretch gutters-col-lg-2 gutters-col-md-2 gutters-col-0 gutters-col-v-lg-2 gutters-col-v-md-2 gutters-col-v-2\">\n          <!---->\n          <div class=\"h-column h-column-container d-flex h-col-lg-12 h-col-md-12 h-col-12 style-749-outer style-local-473-c7-outer\">\n            <div data-colibri-id=\"473-c7\" class=\"d-flex h-flex-basis h-column__inner h-px-lg-2 h-px-md-2 h-px-2 v-inner-lg-2 v-inner-md-2 v-inner-2 style-749 style-local-473-c7 position-relative\">\n              <!---->\n              <!---->\n              <div class=\"w-100 h-y-container h-column__content h-column__v-align flex-basis-100 align-self-lg-start align-self-md-start align-self-start\">\n                <!---->\n                <div data-colibri-id=\"473-c8\" class=\"h-text h-text-component style-751 style-local-473-c8 position-relative h-element\">\n                  <!---->\n                  <!---->\n                  <div class=\"\">\n                    <p>Eleva la calidad de tus materiales educativos con nuestro servicio de reproducci\u00f3n y encuadernaci\u00f3n de libros y manuales. Ofrecemos soluciones duraderas y profesionales con nuestra m\u00e1quina empastadora de hot melt, ideal para escuelas\n                      que buscan preservar el conocimiento con estilo y eficiencia.<\/p>\n                  <\/div>\n                <\/div>\n              <\/div>\n            <\/div>\n          <\/div>\n        <\/div>\n      <\/div>\n    <\/div>\n  <\/div>\n  <div data-colibri-component=\"section\" data-colibri-id=\"473-c12\" id=\"custom\" class=\"h-section h-section-global-spacing d-flex align-items-lg-center align-items-md-center align-items-center style-789 style-local-473-c12 position-relative\">\n    <!---->\n    <!---->\n    <div class=\"h-section-grid-container h-section-boxed-container\">\n      <!---->\n      <div data-colibri-id=\"473-c13\" class=\"h-row-container gutters-row-lg-2 gutters-row-md-2 gutters-row-0 gutters-row-v-lg-2 gutters-row-v-md-2 gutters-row-v-2 style-793 style-local-473-c13 position-relative\">\n        <!---->\n        <div class=\"h-row justify-content-lg-center justify-content-md-center justify-content-center align-items-lg-stretch align-items-md-stretch align-items-stretch gutters-col-lg-2 gutters-col-md-2 gutters-col-0 gutters-col-v-lg-2 gutters-col-v-md-2 gutters-col-v-2\">\n          <!---->\n          <div class=\"h-column h-column-container d-flex h-col-lg-12 h-col-md-12 h-col-12 style-794-outer style-local-473-c14-outer\">\n            <div data-colibri-id=\"473-c14\" class=\"d-flex h-flex-basis h-column__inner h-px-lg-2 h-px-md-2 h-px-2 v-inner-lg-2 v-inner-md-2 v-inner-2 style-794 style-local-473-c14 position-relative\">\n              <!---->\n              <!---->\n              <div class=\"w-100 h-y-container h-column__content h-column__v-align flex-basis-100 align-self-lg-start align-self-md-start align-self-start\">\n                <!---->\n                <div data-colibri-id=\"473-c15\" class=\"h-global-transition-all h-heading style-796 style-local-473-c15 position-relative h-element\">\n                  <!---->\n                  <div class=\"h-heading__outer style-796 style-local-473-c15\">\n                    <!---->\n                    <!---->\n                    <h2 class=\"\">Video Promocional<\/h2>\n                  <\/div>\n                <\/div>\n              <\/div>\n            <\/div>\n          <\/div>\n        <\/div>\n      <\/div>\n      <div data-colibri-id=\"473-c16\" class=\"h-row-container gutters-row-lg-2 gutters-row-md-2 gutters-row-0 gutters-row-v-lg-2 gutters-row-v-md-2 gutters-row-v-2 style-790 style-local-473-c16 position-relative\">\n        <!---->\n        <div class=\"h-row justify-content-lg-center justify-content-md-center justify-content-center align-items-lg-stretch align-items-md-stretch align-items-stretch gutters-col-lg-2 gutters-col-md-2 gutters-col-0 gutters-col-v-lg-2 gutters-col-v-md-2 gutters-col-v-2\">\n          <!---->\n          <div class=\"h-column h-column-container d-flex h-col-lg-auto h-col-md-auto h-col-auto style-791-outer style-local-473-c17-outer\">\n            <div data-colibri-id=\"473-c17\" class=\"d-flex h-flex-basis h-column__inner h-px-lg-2 h-px-md-2 h-px-2 v-inner-lg-2 v-inner-md-2 v-inner-2 style-791 style-local-473-c17 position-relative\">\n              <!---->\n              <!---->\n              <div class=\"w-100 h-y-container h-column__content h-column__v-align flex-basis-100 align-self-lg-start align-self-md-start align-self-start\">\n                <!---->\n                <div data-colibri-id=\"473-c18\" class=\"d-block style-792 style-local-473-c18 position-relative h-element\">\n                  <!---->\n                  <div class=\"h-image__frame-container-outer\">\n                    <a href=\"https:\/\/drive.google.com\/file\/d\/101I12-2bfMTeocMpBCl3Vh3X_IEYMay8\/view?usp=sharing\" h-use-smooth-scroll=\"true\" class=\"image-link\">\n                      <div class=\"h-image__frame-container\">\n                        <!---->\n                        <!---->\n                        <img loading=\"lazy\" decoding=\"async\" width=\"1920\" height=\"1080\" src=\"https:\/\/multibsmx.com.mx\/blogs\/wp-content\/uploads\/2024\/05\/vlcsnap-2024-05-08-00h02m58s749.png\" class=\"wp-image-785 style-792-image style-local-473-c18-image\" alt=\"\" srcset=\"https:\/\/multibsmx.com.mx\/blogs\/wp-content\/uploads\/2024\/05\/vlcsnap-2024-05-08-00h02m58s749.png 1920w, https:\/\/multibsmx.com.mx\/blogs\/wp-content\/uploads\/2024\/05\/vlcsnap-2024-05-08-00h02m58s749-300x169.png 300w, https:\/\/multibsmx.com.mx\/blogs\/wp-content\/uploads\/2024\/05\/vlcsnap-2024-05-08-00h02m58s749-1024x576.png 1024w, https:\/\/multibsmx.com.mx\/blogs\/wp-content\/uploads\/2024\/05\/vlcsnap-2024-05-08-00h02m58s749-768x432.png 768w, https:\/\/multibsmx.com.mx\/blogs\/wp-content\/uploads\/2024\/05\/vlcsnap-2024-05-08-00h02m58s749-1536x864.png 1536w\" sizes=\"auto, (max-width: 1920px) 100vw, 1920px\" \/>\n                        <div class=\"h-image__frame h-hide-lg h-hide-md h-hide-sm style-792-frameImage style-local-473-c18-frameImage\"><\/div>\n                      <\/div>\n                    <\/a>\n                  <\/div>\n                <\/div>\n              <\/div>\n            <\/div>\n          <\/div>\n        <\/div>\n      <\/div>\n    <\/div>\n  <\/div>\n<\/div>","protected":false},"excerpt":{"rendered":"<p>Hot Melt con Portada Delgada Eleva la calidad de tus materiales educativos con nuestro servicio de reproducci\u00f3n y encuadernaci\u00f3n de libros y manuales. Ofrecemos soluciones duraderas y profesionales con nuestra m\u00e1quina empastadora de hot melt, ideal para escuelas que buscan preservar el conocimiento con estilo y eficiencia. Video Promocional<\/p>\n","protected":false},"author":1,"featured_media":0,"parent":0,"menu_order":0,"comment_status":"closed","ping_status":"closed","template":"page-templates\/full-width-page.php","meta":{"footnotes":""},"class_list":["post-473","page","type-page","status-publish","hentry"],"_links":{"self":[{"href":"https:\/\/multibsmx.com.mx\/blogs\/index.php?rest_route=\/wp\/v2\/pages\/473","targetHints":{"allow":["GET"]}}],"collection":[{"href":"https:\/\/multibsmx.com.mx\/blogs\/index.php?rest_route=\/wp\/v2\/pages"}],"about":[{"href":"https:\/\/multibsmx.com.mx\/blogs\/index.php?rest_route=\/wp\/v2\/types\/page"}],"author":[{"embeddable":true,"href":"https:\/\/multibsmx.com.mx\/blogs\/index.php?rest_route=\/wp\/v2\/users\/1"}],"replies":[{"embeddable":true,"href":"https:\/\/multibsmx.com.mx\/blogs\/index.php?rest_route=%2Fwp%2Fv2%2Fcomments&post=473"}],"version-history":[{"count":7,"href":"https:\/\/multibsmx.com.mx\/blogs\/index.php?rest_route=\/wp\/v2\/pages\/473\/revisions"}],"predecessor-version":[{"id":808,"href":"https:\/\/multibsmx.com.mx\/blogs\/index.php?rest_route=\/wp\/v2\/pages\/473\/revisions\/808"}],"wp:attachment":[{"href":"https:\/\/multibsmx.com.mx\/blogs\/index.php?rest_route=%2Fwp%2Fv2%2Fmedia&parent=473"}],"curies":[{"name":"wp","href":"https:\/\/api.w.org\/{rel}","templated":true}]}}