{"id":443,"date":"2024-04-26T20:00:44","date_gmt":"2024-04-27T03:00:44","guid":{"rendered":"https:\/\/multibsmx.com.mx\/blogs\/?page_id=443"},"modified":"2024-05-08T00:21:08","modified_gmt":"2024-05-08T07:21:08","slug":"credenciales-digitales","status":"publish","type":"page","link":"https:\/\/multibsmx.com.mx\/blogs\/?page_id=443","title":{"rendered":"Credenciales Digitales"},"content":{"rendered":"<div data-colibri-id=\"443-c1\" class=\"style-538 style-local-443-c1 position-relative\">\n  <!---->\n  <div data-colibri-component=\"section\" data-colibri-id=\"443-c2\" id=\"content\" class=\"h-section h-section-global-spacing d-flex align-items-lg-center align-items-md-center align-items-center style-543 style-local-443-c2 position-relative\">\n    <!---->\n    <!---->\n    <div class=\"h-section-grid-container h-section-boxed-container\">\n      <div data-colibri-id=\"443-c9\" class=\"h-row-container gutters-row-lg-2 gutters-row-md-2 gutters-row-2 gutters-row-v-lg-2 gutters-row-v-md-2 gutters-row-v-2 style-547 style-local-443-c9 position-relative\">\n        <!---->\n        <div class=\"h-row justify-content-lg-center justify-content-md-center justify-content-center align-items-lg-stretch align-items-md-stretch align-items-stretch gutters-col-lg-2 gutters-col-md-2 gutters-col-2 gutters-col-v-lg-2 gutters-col-v-md-2 gutters-col-v-2\">\n          <!---->\n          <div class=\"h-column h-column-container d-flex h-col-lg-auto h-col-md-auto h-col-auto style-548-outer style-local-443-c10-outer\">\n            <div data-colibri-id=\"443-c10\" class=\"d-flex h-flex-basis h-column__inner h-px-lg-2 h-px-md-2 h-px-0 v-inner-lg-2 v-inner-md-2 v-inner-0 style-548 style-local-443-c10 position-relative\">\n              <!---->\n              <!---->\n              <div class=\"w-100 h-y-container h-column__content h-column__v-align flex-basis-100 align-self-lg-start align-self-md-start align-self-start\">\n                <!---->\n                <div data-colibri-id=\"443-c11\" class=\"h-global-transition-all h-heading style-549 style-local-443-c11 position-relative h-element\">\n                  <!---->\n                  <div class=\"h-heading__outer style-549 style-local-443-c11\">\n                    <!---->\n                    <!---->\n                    <h2 class=\"\">Programa propio para tomar as Fotograf\u00edas, Sin Ir a tu Escuela o Negocio<\/h2>\n                  <\/div>\n                <\/div>\n              <\/div>\n            <\/div>\n          <\/div>\n        <\/div>\n      <\/div>\n      <div data-colibri-id=\"443-c3\" class=\"h-row-container gutters-row-lg-2 gutters-row-md-2 gutters-row-0 gutters-row-v-lg-2 gutters-row-v-md-2 gutters-row-v-2 style-741 style-local-443-c3 position-relative\">\n        <!---->\n        <div class=\"h-row justify-content-lg-center justify-content-md-center justify-content-center align-items-lg-stretch align-items-md-stretch align-items-stretch gutters-col-lg-2 gutters-col-md-2 gutters-col-0 gutters-col-v-lg-2 gutters-col-v-md-2 gutters-col-v-2\">\n          <!---->\n          <div class=\"h-column h-column-container d-flex h-col-lg-12 h-col-md-12 h-col-12 style-742-outer style-local-443-c4-outer\">\n            <div data-colibri-id=\"443-c4\" class=\"d-flex h-flex-basis h-column__inner h-px-lg-2 h-px-md-2 h-px-2 v-inner-lg-2 v-inner-md-2 v-inner-2 style-742 style-local-443-c4 position-relative\">\n              <!---->\n              <!---->\n              <div class=\"w-100 h-y-container h-column__content h-column__v-align flex-basis-100 align-self-lg-start align-self-md-start align-self-start\">\n                <!---->\n                <div data-colibri-id=\"443-c5\" class=\"h-text h-text-component style-744 style-local-443-c5 position-relative h-element\">\n                  <!---->\n                  <!---->\n                  <div class=\"\">\n                    <p>Obt\u00e9n credenciales profesionales en PVC sin salir de casa: nuestro servicio de fotograf\u00eda remota te ofrece comodidad y calidad, directamente a tu puerta. Perfecto para escuelas y negocios que valoran la eficiencia y la seguridad.<\/p>\n                  <\/div>\n                <\/div>\n              <\/div>\n            <\/div>\n          <\/div>\n        <\/div>\n      <\/div>\n      <div data-colibri-id=\"443-c6\" class=\"h-row-container gutters-row-lg-2 gutters-row-md-2 gutters-row-2 gutters-row-v-lg-2 gutters-row-v-md-2 gutters-row-v-2 style-544 style-local-443-c6 position-relative\">\n        <!---->\n        <div class=\"h-row justify-content-lg-center justify-content-md-center justify-content-center align-items-lg-stretch align-items-md-stretch align-items-stretch gutters-col-lg-2 gutters-col-md-2 gutters-col-2 gutters-col-v-lg-2 gutters-col-v-md-2 gutters-col-v-2\">\n          <!---->\n          <div class=\"h-column h-column-container d-flex h-col-lg-auto h-col-md-auto h-col-auto style-545-outer style-local-443-c7-outer\">\n            <div data-colibri-id=\"443-c7\" class=\"d-flex h-flex-basis h-column__inner h-px-lg-0 h-px-md-0 h-px-0 v-inner-lg-0 v-inner-md-0 v-inner-0 style-545 style-local-443-c7 position-relative\">\n              <!---->\n              <!---->\n              <div class=\"w-100 h-y-container h-column__content h-column__v-align flex-basis-100 align-self-lg-start align-self-md-start align-self-start\">\n                <!---->\n                <div data-colibri-id=\"443-c8\" class=\"d-block style-546 style-local-443-c8 position-relative h-element\">\n                  <!---->\n                  <div class=\"h-image__frame-container-outer\">\n                    <div class=\"h-image__frame-container\">\n                      <!---->\n                      <!---->\n                      <img loading=\"lazy\" decoding=\"async\" width=\"941\" height=\"401\" src=\"https:\/\/multibsmx.com.mx\/blogs\/wp-content\/uploads\/2024\/04\/Imagen-de-WhatsApp-2024-04-26-a-las-18.12.52_b0cd6a00.jpg\" class=\"wp-image-393 style-546-image style-local-443-c8-image\" alt=\"\" srcset=\"https:\/\/multibsmx.com.mx\/blogs\/wp-content\/uploads\/2024\/04\/Imagen-de-WhatsApp-2024-04-26-a-las-18.12.52_b0cd6a00.jpg 941w, https:\/\/multibsmx.com.mx\/blogs\/wp-content\/uploads\/2024\/04\/Imagen-de-WhatsApp-2024-04-26-a-las-18.12.52_b0cd6a00-300x128.jpg 300w, https:\/\/multibsmx.com.mx\/blogs\/wp-content\/uploads\/2024\/04\/Imagen-de-WhatsApp-2024-04-26-a-las-18.12.52_b0cd6a00-768x327.jpg 768w\" sizes=\"auto, (max-width: 941px) 100vw, 941px\" \/>\n                      <div class=\"h-image__frame h-hide-lg h-hide-md h-hide-sm style-546-frameImage style-local-443-c8-frameImage\"><\/div>\n                    <\/div>\n                  <\/div>\n                <\/div>\n              <\/div>\n            <\/div>\n          <\/div>\n        <\/div>\n      <\/div>\n    <\/div>\n  <\/div>\n  <div data-colibri-component=\"section\" data-colibri-id=\"443-c12\" id=\"custom\" class=\"h-section h-section-global-spacing d-flex align-items-lg-center align-items-md-center align-items-center style-781 style-local-443-c12 position-relative\">\n    <!---->\n    <!---->\n    <div class=\"h-section-grid-container h-section-boxed-container\">\n      <!---->\n      <div data-colibri-id=\"443-c13\" class=\"h-row-container gutters-row-lg-2 gutters-row-md-2 gutters-row-0 gutters-row-v-lg-2 gutters-row-v-md-2 gutters-row-v-2 style-782 style-local-443-c13 position-relative\">\n        <!---->\n        <div class=\"h-row justify-content-lg-center justify-content-md-center justify-content-center align-items-lg-stretch align-items-md-stretch align-items-stretch gutters-col-lg-2 gutters-col-md-2 gutters-col-0 gutters-col-v-lg-2 gutters-col-v-md-2 gutters-col-v-2\">\n          <!---->\n          <div class=\"h-column h-column-container d-flex h-col-lg-auto h-col-md-auto h-col-auto style-783-outer style-local-443-c14-outer\">\n            <div data-colibri-id=\"443-c14\" class=\"d-flex h-flex-basis h-column__inner h-px-lg-2 h-px-md-2 h-px-2 v-inner-lg-2 v-inner-md-2 v-inner-2 style-783 style-local-443-c14 position-relative\">\n              <!---->\n              <!---->\n              <div class=\"w-100 h-y-container h-column__content h-column__v-align flex-basis-100 align-self-lg-start align-self-md-start align-self-start\">\n                <!---->\n                <div data-colibri-id=\"443-c15\" class=\"h-global-transition-all h-heading style-787 style-local-443-c15 position-relative h-element\">\n                  <!---->\n                  <div class=\"h-heading__outer style-787 style-local-443-c15\">\n                    <!---->\n                    <!---->\n                    <h2 class=\"\">Videos Promocionales<\/h2>\n                  <\/div>\n                <\/div>\n              <\/div>\n            <\/div>\n          <\/div>\n        <\/div>\n      <\/div>\n      <div data-colibri-id=\"443-c16\" class=\"h-row-container gutters-row-lg-2 gutters-row-md-2 gutters-row-0 gutters-row-v-lg-2 gutters-row-v-md-2 gutters-row-v-2 style-784 style-local-443-c16 position-relative\">\n        <!---->\n        <div class=\"h-row justify-content-lg-center justify-content-md-center justify-content-center align-items-lg-stretch align-items-md-stretch align-items-stretch gutters-col-lg-2 gutters-col-md-2 gutters-col-0 gutters-col-v-lg-2 gutters-col-v-md-2 gutters-col-v-2\">\n          <!---->\n          <div class=\"h-column h-column-container d-flex h-col-lg-12 h-col-md-12 h-col-12 style-785-outer style-local-443-c17-outer\">\n            <div data-colibri-id=\"443-c17\" class=\"d-flex h-flex-basis h-column__inner h-px-lg-2 h-px-md-2 h-px-2 v-inner-lg-2 v-inner-md-2 v-inner-2 style-785 style-local-443-c17 position-relative\">\n              <!---->\n              <!---->\n              <div class=\"w-100 h-y-container h-column__content h-column__v-align flex-basis-100 align-self-lg-start align-self-md-start align-self-start\">\n                <!---->\n                <div data-colibri-id=\"443-c18\" class=\"d-block style-788 style-local-443-c18 position-relative h-element\">\n                  <!---->\n                  <div class=\"h-image__frame-container-outer\">\n                    <a href=\"https:\/\/drive.google.com\/file\/d\/14HnX23YDQPNL7sR8mz69ylYfc8xWzA6q\/view?usp=sharing\" h-use-smooth-scroll=\"true\" class=\"image-link\">\n                      <div class=\"h-image__frame-container\">\n                        <!---->\n                        <!---->\n                        <img loading=\"lazy\" decoding=\"async\" width=\"1920\" height=\"1080\" src=\"https:\/\/multibsmx.com.mx\/blogs\/wp-content\/uploads\/2024\/05\/vlcsnap-2024-05-04-00h16m20s025.png\" class=\"wp-image-768 style-788-image style-local-443-c18-image\" alt=\"\" srcset=\"https:\/\/multibsmx.com.mx\/blogs\/wp-content\/uploads\/2024\/05\/vlcsnap-2024-05-04-00h16m20s025.png 1920w, https:\/\/multibsmx.com.mx\/blogs\/wp-content\/uploads\/2024\/05\/vlcsnap-2024-05-04-00h16m20s025-300x169.png 300w, https:\/\/multibsmx.com.mx\/blogs\/wp-content\/uploads\/2024\/05\/vlcsnap-2024-05-04-00h16m20s025-1024x576.png 1024w, https:\/\/multibsmx.com.mx\/blogs\/wp-content\/uploads\/2024\/05\/vlcsnap-2024-05-04-00h16m20s025-768x432.png 768w, https:\/\/multibsmx.com.mx\/blogs\/wp-content\/uploads\/2024\/05\/vlcsnap-2024-05-04-00h16m20s025-1536x864.png 1536w\" sizes=\"auto, (max-width: 1920px) 100vw, 1920px\" \/>\n                        <div class=\"h-image__frame h-hide-lg h-hide-md h-hide-sm style-788-frameImage style-local-443-c18-frameImage\"><\/div>\n                      <\/div>\n                    <\/a>\n                  <\/div>\n                <\/div>\n              <\/div>\n            <\/div>\n          <\/div>\n          <div class=\"h-column h-column-container d-flex h-col-lg-12 h-col-md-12 h-col-12 style-805-outer style-local-443-c19-outer\">\n            <div data-colibri-id=\"443-c19\" class=\"d-flex h-flex-basis h-column__inner h-px-lg-2 h-px-md-2 h-px-2 v-inner-lg-2 v-inner-md-2 v-inner-2 style-805 style-local-443-c19 position-relative\">\n              <!---->\n              <!---->\n              <div class=\"w-100 h-y-container h-column__content h-column__v-align flex-basis-100 align-self-lg-start align-self-md-start align-self-start\">\n                <!---->\n                <div data-colibri-id=\"443-c20\" class=\"d-block style-806 style-local-443-c20 position-relative h-element\">\n                  <!---->\n                  <div class=\"h-image__frame-container-outer\">\n                    <div class=\"h-image__frame-container\">\n                      <!---->\n                      <!---->\n                      <img loading=\"lazy\" decoding=\"async\" width=\"1920\" height=\"1080\" src=\"https:\/\/multibsmx.com.mx\/blogs\/wp-content\/uploads\/2024\/05\/vlcsnap-2024-05-08-00h02m58s749.png\" class=\"wp-image-785 style-806-image style-local-443-c20-image\" alt=\"\" srcset=\"https:\/\/multibsmx.com.mx\/blogs\/wp-content\/uploads\/2024\/05\/vlcsnap-2024-05-08-00h02m58s749.png 1920w, https:\/\/multibsmx.com.mx\/blogs\/wp-content\/uploads\/2024\/05\/vlcsnap-2024-05-08-00h02m58s749-300x169.png 300w, https:\/\/multibsmx.com.mx\/blogs\/wp-content\/uploads\/2024\/05\/vlcsnap-2024-05-08-00h02m58s749-1024x576.png 1024w, https:\/\/multibsmx.com.mx\/blogs\/wp-content\/uploads\/2024\/05\/vlcsnap-2024-05-08-00h02m58s749-768x432.png 768w, https:\/\/multibsmx.com.mx\/blogs\/wp-content\/uploads\/2024\/05\/vlcsnap-2024-05-08-00h02m58s749-1536x864.png 1536w\" sizes=\"auto, (max-width: 1920px) 100vw, 1920px\" \/>\n                      <div class=\"h-image__frame h-hide-lg h-hide-md h-hide-sm style-806-frameImage style-local-443-c20-frameImage\"><\/div>\n                    <\/div>\n                  <\/div>\n                <\/div>\n              <\/div>\n            <\/div>\n          <\/div>\n        <\/div>\n      <\/div>\n    <\/div>\n  <\/div>\n<\/div>","protected":false},"excerpt":{"rendered":"<p>Programa propio para tomar as Fotograf\u00edas, Sin Ir a tu Escuela o Negocio Obt\u00e9n credenciales profesionales en PVC sin salir de casa: nuestro servicio de fotograf\u00eda remota te ofrece comodidad y calidad, directamente a tu puerta. Perfecto para escuelas y negocios que valoran la eficiencia y la seguridad. Videos Promocionales<\/p>\n","protected":false},"author":1,"featured_media":0,"parent":0,"menu_order":0,"comment_status":"closed","ping_status":"closed","template":"page-templates\/full-width-page.php","meta":{"footnotes":""},"class_list":["post-443","page","type-page","status-publish","hentry"],"_links":{"self":[{"href":"https:\/\/multibsmx.com.mx\/blogs\/index.php?rest_route=\/wp\/v2\/pages\/443","targetHints":{"allow":["GET"]}}],"collection":[{"href":"https:\/\/multibsmx.com.mx\/blogs\/index.php?rest_route=\/wp\/v2\/pages"}],"about":[{"href":"https:\/\/multibsmx.com.mx\/blogs\/index.php?rest_route=\/wp\/v2\/types\/page"}],"author":[{"embeddable":true,"href":"https:\/\/multibsmx.com.mx\/blogs\/index.php?rest_route=\/wp\/v2\/users\/1"}],"replies":[{"embeddable":true,"href":"https:\/\/multibsmx.com.mx\/blogs\/index.php?rest_route=%2Fwp%2Fv2%2Fcomments&post=443"}],"version-history":[{"count":7,"href":"https:\/\/multibsmx.com.mx\/blogs\/index.php?rest_route=\/wp\/v2\/pages\/443\/revisions"}],"predecessor-version":[{"id":815,"href":"https:\/\/multibsmx.com.mx\/blogs\/index.php?rest_route=\/wp\/v2\/pages\/443\/revisions\/815"}],"wp:attachment":[{"href":"https:\/\/multibsmx.com.mx\/blogs\/index.php?rest_route=%2Fwp%2Fv2%2Fmedia&parent=443"}],"curies":[{"name":"wp","href":"https:\/\/api.w.org\/{rel}","templated":true}]}}